{"id":258,"date":"2014-06-12T19:24:31","date_gmt":"2014-06-12T19:24:31","guid":{"rendered":"http:\/\/www.revista-notariado.org.ar\/?page_id=258"},"modified":"2025-12-30T14:12:59","modified_gmt":"2025-12-30T17:12:59","slug":"suscripcion-al-newsletter-de-la-revista","status":"publish","type":"page","link":"https:\/\/www.revista-notariado.org.ar\/index.php\/suscripcion-al-newsletter-de-la-revista\/","title":{"rendered":"Suscr\u00edbase a la Revista"},"content":{"rendered":"<p><img loading=\"lazy\" decoding=\"async\" class=\"wp-image-2900 aligncenter\" src=\"http:\/\/www.revista-notariado.org.ar\/wp-content\/uploads\/2016\/02\/newsletter_2000x1125-300x169.jpg\" alt=\"newsletter_2000x1125\" width=\"699\" height=\"394\" srcset=\"https:\/\/www.revista-notariado.org.ar\/\/wp-content\/uploads\/2016\/02\/newsletter_2000x1125-300x169.jpg 300w, https:\/\/www.revista-notariado.org.ar\/\/wp-content\/uploads\/2016\/02\/newsletter_2000x1125-768x432.jpg 768w, https:\/\/www.revista-notariado.org.ar\/\/wp-content\/uploads\/2016\/02\/newsletter_2000x1125-1024x576.jpg 1024w, https:\/\/www.revista-notariado.org.ar\/\/wp-content\/uploads\/2016\/02\/newsletter_2000x1125-98x55.jpg 98w, https:\/\/www.revista-notariado.org.ar\/\/wp-content\/uploads\/2016\/02\/newsletter_2000x1125.jpg 2000w\" sizes=\"(max-width: 699px) 100vw, 699px\" \/><\/p>\n<p>&nbsp;<\/p>\n<ul>\n<li>Los contenidos digitales de la Revista del Notariado son de acceso gratuito.<\/li>\n<li>Si completa sus datos en el formulario recibir\u00e1 en su casilla de correo electr\u00f3nico el newsletter con los contenidos de cada nuevo n\u00famero de la Revista.<\/li>\n<li><strong>Si desea recibir la Revista del Notariado impresa<\/strong>, <strong><a href=\"https:\/\/forms.gle\/Mk2CZMdgHXcW8ajz5\" target=\"_blank\" rel=\"noopener\">INGRESE AQU\u00cd<\/a>.<\/strong><\/li>\n<\/ul>\n<p>&nbsp;<\/p>\n<div role=\"form\" class=\"wpcf7\" id=\"wpcf7-f2948-o1\" lang=\"es-ES\" dir=\"ltr\">\n<div class=\"screen-reader-response\"><p role=\"status\" aria-live=\"polite\" aria-atomic=\"true\"><\/p> <ul><\/ul><\/div>\n<form action=\"\/index.php\/wp-json\/wp\/v2\/pages\/258#wpcf7-f2948-o1\" method=\"post\" class=\"wpcf7-form init\" novalidate=\"novalidate\" data-status=\"init\">\n<div style=\"display: none;\">\n<input type=\"hidden\" name=\"_wpcf7\" value=\"2948\" \/>\n<input type=\"hidden\" name=\"_wpcf7_version\" value=\"5.5.2\" \/>\n<input type=\"hidden\" name=\"_wpcf7_locale\" value=\"es_ES\" \/>\n<input type=\"hidden\" name=\"_wpcf7_unit_tag\" value=\"wpcf7-f2948-o1\" \/>\n<input type=\"hidden\" name=\"_wpcf7_container_post\" value=\"0\" \/>\n<input type=\"hidden\" name=\"_wpcf7_posted_data_hash\" value=\"\" \/>\n<\/div>\n<p>NOMBRE <em>(sin acentos)<\/em><br \/>\n<span class=\"wpcf7-form-control-wrap your-name\"><input type=\"text\" name=\"your-name\" value=\"\" size=\"40\" class=\"wpcf7-form-control wpcf7-text wpcf7-validates-as-required\" aria-required=\"true\" aria-invalid=\"false\" \/><\/span> <\/p>\n<p>APELLIDO <em>(sin acentos)<\/em><br \/>\n<span class=\"wpcf7-form-control-wrap your-surname\"><input type=\"text\" name=\"your-surname\" value=\"\" size=\"40\" class=\"wpcf7-form-control wpcf7-text wpcf7-validates-as-required\" aria-required=\"true\" aria-invalid=\"false\" \/><\/span> <\/p>\n<p>E-MAIL<br \/>\n<span class=\"wpcf7-form-control-wrap your-email\"><input type=\"email\" name=\"your-email\" value=\"\" size=\"40\" class=\"wpcf7-form-control wpcf7-text wpcf7-email wpcf7-validates-as-required wpcf7-validates-as-email\" aria-required=\"true\" aria-invalid=\"false\" \/><\/span> <\/p>\n<p><input type=\"submit\" value=\"Enviar\" class=\"wpcf7-form-control has-spinner wpcf7-submit\" \/><\/p>\n<p style=\"display: none !important;\" class=\"akismet-fields-container\" data-prefix=\"_wpcf7_ak_\"><label>&#916;<textarea name=\"_wpcf7_ak_hp_textarea\" cols=\"45\" rows=\"8\" maxlength=\"100\"><\/textarea><\/label><input type=\"hidden\" id=\"ak_js_1\" name=\"_wpcf7_ak_js\" value=\"75\"\/><script>document.getElementById( \"ak_js_1\" ).setAttribute( \"value\", ( new Date() ).getTime() );<\/script><\/p><div class=\"wpcf7-response-output\" aria-hidden=\"true\"><\/div><\/form><\/div>\n<p>&nbsp;<\/p>\n<pre><sup><em>Imagen:<\/em>\u00a0<a href=\"https:\/\/www.flickr.com\/photos\/dskley\/15743483265\/\" target=\"_blank\" rel=\"noopener\">Newsletter.<\/a> <a href=\"https:\/\/www.flickr.com\/photos\/dskley\/\" target=\"_blank\" rel=\"noopener\">Dennis Skley.<\/a> <a href=\"https:\/\/creativecommons.org\/licenses\/by-nd\/2.0\/\" target=\"_blank\" rel=\"noopener\">Creative Commons<\/a><\/sup><\/pre>\n","protected":false},"excerpt":{"rendered":"<p>&nbsp; Los contenidos digitales de la Revista del Notariado son de acceso gratuito. Si completa sus datos en el formulario recibir\u00e1 en su casilla de correo electr\u00f3nico el newsletter con [&hellip;]<\/p>\n","protected":false},"author":13,"featured_media":0,"parent":0,"menu_order":0,"comment_status":"open","ping_status":"open","template":"page-templates\/full-width.php","meta":{"_et_pb_use_builder":"off","_et_pb_old_content":"","_et_gb_content_width":"","spay_email":"","footnotes":""},"class_list":["post-258","page","type-page","status-publish","hentry"],"yoast_head":"<!-- This site is optimized with the Yoast SEO plugin v23.6 - https:\/\/yoast.com\/wordpress\/plugins\/seo\/ -->\n<title>Suscr\u00edbase a la Revista - Revista del Notariado<\/title>\n<meta name=\"robots\" content=\"index, follow, max-snippet:-1, max-image-preview:large, max-video-preview:-1\" \/>\n<link rel=\"canonical\" href=\"https:\/\/www.revista-notariado.org.ar\/index.php\/suscripcion-al-newsletter-de-la-revista\/\" \/>\n<meta property=\"og:locale\" content=\"es_ES\" \/>\n<meta property=\"og:type\" content=\"article\" \/>\n<meta property=\"og:title\" content=\"Suscr\u00edbase a la Revista - Revista del Notariado\" \/>\n<meta property=\"og:description\" content=\"&nbsp; Los contenidos digitales de la Revista del Notariado son de acceso gratuito. Si completa sus datos en el formulario recibir\u00e1 en su casilla de correo electr\u00f3nico el newsletter con [&hellip;]\" \/>\n<meta property=\"og:url\" content=\"https:\/\/www.revista-notariado.org.ar\/index.php\/suscripcion-al-newsletter-de-la-revista\/\" \/>\n<meta property=\"og:site_name\" content=\"Revista del Notariado\" \/>\n<meta property=\"article:publisher\" content=\"https:\/\/www.facebook.com\/revistadelnotariado\/\" \/>\n<meta property=\"article:modified_time\" content=\"2025-12-30T17:12:59+00:00\" \/>\n<meta property=\"og:image\" content=\"https:\/\/www.revista-notariado.org.ar\/\/wp-content\/uploads\/2016\/02\/newsletter_2000x1125.jpg\" \/>\n\t<meta property=\"og:image:width\" content=\"2000\" \/>\n\t<meta property=\"og:image:height\" content=\"1125\" \/>\n\t<meta property=\"og:image:type\" content=\"image\/jpeg\" \/>\n<meta name=\"twitter:card\" content=\"summary_large_image\" \/>\n<meta name=\"twitter:label1\" content=\"Tiempo de lectura\" \/>\n\t<meta name=\"twitter:data1\" content=\"1 minuto\" \/>\n<script type=\"application\/ld+json\" class=\"yoast-schema-graph\">{\"@context\":\"https:\/\/schema.org\",\"@graph\":[{\"@type\":\"WebPage\",\"@id\":\"https:\/\/www.revista-notariado.org.ar\/index.php\/suscripcion-al-newsletter-de-la-revista\/\",\"url\":\"https:\/\/www.revista-notariado.org.ar\/index.php\/suscripcion-al-newsletter-de-la-revista\/\",\"name\":\"Suscr\u00edbase a la Revista - Revista del Notariado\",\"isPartOf\":{\"@id\":\"https:\/\/www.revista-notariado.org.ar\/#website\"},\"primaryImageOfPage\":{\"@id\":\"https:\/\/www.revista-notariado.org.ar\/index.php\/suscripcion-al-newsletter-de-la-revista\/#primaryimage\"},\"image\":{\"@id\":\"https:\/\/www.revista-notariado.org.ar\/index.php\/suscripcion-al-newsletter-de-la-revista\/#primaryimage\"},\"thumbnailUrl\":\"http:\/\/www.revista-notariado.org.ar\/wp-content\/uploads\/2016\/02\/newsletter_2000x1125-300x169.jpg\",\"datePublished\":\"2014-06-12T19:24:31+00:00\",\"dateModified\":\"2025-12-30T17:12:59+00:00\",\"breadcrumb\":{\"@id\":\"https:\/\/www.revista-notariado.org.ar\/index.php\/suscripcion-al-newsletter-de-la-revista\/#breadcrumb\"},\"inLanguage\":\"es\",\"potentialAction\":[{\"@type\":\"ReadAction\",\"target\":[\"https:\/\/www.revista-notariado.org.ar\/index.php\/suscripcion-al-newsletter-de-la-revista\/\"]}]},{\"@type\":\"ImageObject\",\"inLanguage\":\"es\",\"@id\":\"https:\/\/www.revista-notariado.org.ar\/index.php\/suscripcion-al-newsletter-de-la-revista\/#primaryimage\",\"url\":\"https:\/\/www.revista-notariado.org.ar\/\/wp-content\/uploads\/2016\/02\/newsletter_2000x1125.jpg\",\"contentUrl\":\"https:\/\/www.revista-notariado.org.ar\/\/wp-content\/uploads\/2016\/02\/newsletter_2000x1125.jpg\",\"width\":2000,\"height\":1125},{\"@type\":\"BreadcrumbList\",\"@id\":\"https:\/\/www.revista-notariado.org.ar\/index.php\/suscripcion-al-newsletter-de-la-revista\/#breadcrumb\",\"itemListElement\":[{\"@type\":\"ListItem\",\"position\":1,\"name\":\"Portada\",\"item\":\"https:\/\/www.revista-notariado.org.ar\/\"},{\"@type\":\"ListItem\",\"position\":2,\"name\":\"Suscr\u00edbase a la Revista\"}]},{\"@type\":\"WebSite\",\"@id\":\"https:\/\/www.revista-notariado.org.ar\/#website\",\"url\":\"https:\/\/www.revista-notariado.org.ar\/\",\"name\":\"Revista del Notariado\",\"description\":\"Director: Carlos Marcelo D&#039;Alessio\",\"publisher\":{\"@id\":\"https:\/\/www.revista-notariado.org.ar\/#organization\"},\"potentialAction\":[{\"@type\":\"SearchAction\",\"target\":{\"@type\":\"EntryPoint\",\"urlTemplate\":\"https:\/\/www.revista-notariado.org.ar\/?s={search_term_string}\"},\"query-input\":{\"@type\":\"PropertyValueSpecification\",\"valueRequired\":true,\"valueName\":\"search_term_string\"}}],\"inLanguage\":\"es\"},{\"@type\":\"Organization\",\"@id\":\"https:\/\/www.revista-notariado.org.ar\/#organization\",\"name\":\"Revista del Notariado\",\"url\":\"https:\/\/www.revista-notariado.org.ar\/\",\"logo\":{\"@type\":\"ImageObject\",\"inLanguage\":\"es\",\"@id\":\"https:\/\/www.revista-notariado.org.ar\/#\/schema\/logo\/image\/\",\"url\":\"https:\/\/www.revista-notariado.org.ar\/\/wp-content\/uploads\/2020\/06\/Logo-para.mail_.png\",\"contentUrl\":\"https:\/\/www.revista-notariado.org.ar\/\/wp-content\/uploads\/2020\/06\/Logo-para.mail_.png\",\"width\":642,\"height\":80,\"caption\":\"Revista del Notariado\"},\"image\":{\"@id\":\"https:\/\/www.revista-notariado.org.ar\/#\/schema\/logo\/image\/\"},\"sameAs\":[\"https:\/\/www.facebook.com\/revistadelnotariado\/\"]}]}<\/script>\n<!-- \/ Yoast SEO plugin. -->","yoast_head_json":{"title":"Suscr\u00edbase a la Revista - Revista del Notariado","robots":{"index":"index","follow":"follow","max-snippet":"max-snippet:-1","max-image-preview":"max-image-preview:large","max-video-preview":"max-video-preview:-1"},"canonical":"https:\/\/www.revista-notariado.org.ar\/index.php\/suscripcion-al-newsletter-de-la-revista\/","og_locale":"es_ES","og_type":"article","og_title":"Suscr\u00edbase a la Revista - Revista del Notariado","og_description":"&nbsp; Los contenidos digitales de la Revista del Notariado son de acceso gratuito. Si completa sus datos en el formulario recibir\u00e1 en su casilla de correo electr\u00f3nico el newsletter con [&hellip;]","og_url":"https:\/\/www.revista-notariado.org.ar\/index.php\/suscripcion-al-newsletter-de-la-revista\/","og_site_name":"Revista del Notariado","article_publisher":"https:\/\/www.facebook.com\/revistadelnotariado\/","article_modified_time":"2025-12-30T17:12:59+00:00","og_image":[{"width":2000,"height":1125,"url":"https:\/\/www.revista-notariado.org.ar\/\/wp-content\/uploads\/2016\/02\/newsletter_2000x1125.jpg","type":"image\/jpeg"}],"twitter_card":"summary_large_image","twitter_misc":{"Tiempo de lectura":"1 minuto"},"schema":{"@context":"https:\/\/schema.org","@graph":[{"@type":"WebPage","@id":"https:\/\/www.revista-notariado.org.ar\/index.php\/suscripcion-al-newsletter-de-la-revista\/","url":"https:\/\/www.revista-notariado.org.ar\/index.php\/suscripcion-al-newsletter-de-la-revista\/","name":"Suscr\u00edbase a la Revista - Revista del Notariado","isPartOf":{"@id":"https:\/\/www.revista-notariado.org.ar\/#website"},"primaryImageOfPage":{"@id":"https:\/\/www.revista-notariado.org.ar\/index.php\/suscripcion-al-newsletter-de-la-revista\/#primaryimage"},"image":{"@id":"https:\/\/www.revista-notariado.org.ar\/index.php\/suscripcion-al-newsletter-de-la-revista\/#primaryimage"},"thumbnailUrl":"http:\/\/www.revista-notariado.org.ar\/wp-content\/uploads\/2016\/02\/newsletter_2000x1125-300x169.jpg","datePublished":"2014-06-12T19:24:31+00:00","dateModified":"2025-12-30T17:12:59+00:00","breadcrumb":{"@id":"https:\/\/www.revista-notariado.org.ar\/index.php\/suscripcion-al-newsletter-de-la-revista\/#breadcrumb"},"inLanguage":"es","potentialAction":[{"@type":"ReadAction","target":["https:\/\/www.revista-notariado.org.ar\/index.php\/suscripcion-al-newsletter-de-la-revista\/"]}]},{"@type":"ImageObject","inLanguage":"es","@id":"https:\/\/www.revista-notariado.org.ar\/index.php\/suscripcion-al-newsletter-de-la-revista\/#primaryimage","url":"https:\/\/www.revista-notariado.org.ar\/\/wp-content\/uploads\/2016\/02\/newsletter_2000x1125.jpg","contentUrl":"https:\/\/www.revista-notariado.org.ar\/\/wp-content\/uploads\/2016\/02\/newsletter_2000x1125.jpg","width":2000,"height":1125},{"@type":"BreadcrumbList","@id":"https:\/\/www.revista-notariado.org.ar\/index.php\/suscripcion-al-newsletter-de-la-revista\/#breadcrumb","itemListElement":[{"@type":"ListItem","position":1,"name":"Portada","item":"https:\/\/www.revista-notariado.org.ar\/"},{"@type":"ListItem","position":2,"name":"Suscr\u00edbase a la Revista"}]},{"@type":"WebSite","@id":"https:\/\/www.revista-notariado.org.ar\/#website","url":"https:\/\/www.revista-notariado.org.ar\/","name":"Revista del Notariado","description":"Director: Carlos Marcelo D&#039;Alessio","publisher":{"@id":"https:\/\/www.revista-notariado.org.ar\/#organization"},"potentialAction":[{"@type":"SearchAction","target":{"@type":"EntryPoint","urlTemplate":"https:\/\/www.revista-notariado.org.ar\/?s={search_term_string}"},"query-input":{"@type":"PropertyValueSpecification","valueRequired":true,"valueName":"search_term_string"}}],"inLanguage":"es"},{"@type":"Organization","@id":"https:\/\/www.revista-notariado.org.ar\/#organization","name":"Revista del Notariado","url":"https:\/\/www.revista-notariado.org.ar\/","logo":{"@type":"ImageObject","inLanguage":"es","@id":"https:\/\/www.revista-notariado.org.ar\/#\/schema\/logo\/image\/","url":"https:\/\/www.revista-notariado.org.ar\/\/wp-content\/uploads\/2020\/06\/Logo-para.mail_.png","contentUrl":"https:\/\/www.revista-notariado.org.ar\/\/wp-content\/uploads\/2020\/06\/Logo-para.mail_.png","width":642,"height":80,"caption":"Revista del Notariado"},"image":{"@id":"https:\/\/www.revista-notariado.org.ar\/#\/schema\/logo\/image\/"},"sameAs":["https:\/\/www.facebook.com\/revistadelnotariado\/"]}]}},"jetpack_sharing_enabled":true,"jetpack_shortlink":"https:\/\/wp.me\/P50Sui-4a","jetpack-related-posts":[],"_links":{"self":[{"href":"https:\/\/www.revista-notariado.org.ar\/index.php\/wp-json\/wp\/v2\/pages\/258"}],"collection":[{"href":"https:\/\/www.revista-notariado.org.ar\/index.php\/wp-json\/wp\/v2\/pages"}],"about":[{"href":"https:\/\/www.revista-notariado.org.ar\/index.php\/wp-json\/wp\/v2\/types\/page"}],"author":[{"embeddable":true,"href":"https:\/\/www.revista-notariado.org.ar\/index.php\/wp-json\/wp\/v2\/users\/13"}],"replies":[{"embeddable":true,"href":"https:\/\/www.revista-notariado.org.ar\/index.php\/wp-json\/wp\/v2\/comments?post=258"}],"version-history":[{"count":24,"href":"https:\/\/www.revista-notariado.org.ar\/index.php\/wp-json\/wp\/v2\/pages\/258\/revisions"}],"predecessor-version":[{"id":18502,"href":"https:\/\/www.revista-notariado.org.ar\/index.php\/wp-json\/wp\/v2\/pages\/258\/revisions\/18502"}],"wp:attachment":[{"href":"https:\/\/www.revista-notariado.org.ar\/index.php\/wp-json\/wp\/v2\/media?parent=258"}],"curies":[{"name":"wp","href":"https:\/\/api.w.org\/{rel}","templated":true}]}}