{"id":1566,"date":"2015-02-26T17:03:58","date_gmt":"2015-02-26T17:03:58","guid":{"rendered":"http:\/\/www.revista-notariado.org.ar\/?page_id=1566"},"modified":"2026-03-26T15:14:29","modified_gmt":"2026-03-26T18:14:29","slug":"como-publicar","status":"publish","type":"page","link":"https:\/\/www.revista-notariado.org.ar\/index.php\/como-publicar\/","title":{"rendered":"C\u00f3mo publicar"},"content":{"rendered":"<p><a href=\"https:\/\/www.flickr.com\/photos\/heylen\/4310529876\/\" target=\"_blank\" rel=\"noopener noreferrer\"><img loading=\"lazy\" decoding=\"async\" class=\"aligncenter wp-image-5525 size-full\" src=\"https:\/\/www.revista-notariado.org.ar\/wp-content\/uploads\/2018\/07\/teclado3-mano_800x400.jpg\" alt=\"teclado3-mano_800x400\" width=\"800\" height=\"400\" \/><\/a><\/p>\n<p style=\"text-align: right;\"><sup><em>Imagen: <a href=\"https:\/\/www.flickr.com\/photos\/heylen\/\" target=\"_blank\" rel=\"noopener noreferrer\">Thomas Heylen<\/a>, <a href=\"https:\/\/creativecommons.org\/licenses\/by-nc-nd\/2.0\/\" target=\"_blank\" rel=\"noopener noreferrer\">CC-BY-NC-ND 2.0<\/a><\/em><\/sup><\/p>\n<p>&nbsp;<\/p>\n<a class=\"mwm-aal-item\" name=\"requisitos-publicar-en-la-revista-del-notariado\"><\/a><h4><span style=\"border: 2px solid #c70000; padding: 1em;\">Requisitos publicar en la <em>Revista del Notariado<\/em>:<\/span><\/h4>\n<p>&nbsp;<\/p>\n<p><strong>Los art\u00edculos deben:<\/strong><\/p>\n<ul>\n<li>ser <em><strong>in\u00e9ditos<\/strong><\/em>\u00a0y<\/li>\n<li>cumplir las siguientes <strong><a href=\"https:\/\/www.revista-notariado.org.ar\/\/wp-content\/uploads\/2026\/03\/MANUAL-ESTILO-RDN-2026-19-2-2026.pdf\" class=\"mtli_attachment mtli_pdf\" target=\"_blank\" rel=\"noopener noreferrer\">pautas formales de presentaci\u00f3n<\/a><\/strong>.<\/li>\n<\/ul>\n<p>Las colaboraciones recibidas ser\u00e1n remitidas al Comit\u00e9 de Referato de la <em>Revista del Notariado<\/em>, que, <strong>con el m\u00e9todo de doble ciego<\/strong>, evaluar\u00e1:<\/p>\n<ul>\n<li>si cumplen el objetivo propuesto por el autor\/a;<\/li>\n<li>su\u00a0contribuci\u00f3n al campo de estudio;<\/li>\n<li>la metodolog\u00eda de investigaci\u00f3n aplicada;<\/li>\n<li>el manejo de la terminolog\u00eda t\u00e9cnica;<\/li>\n<li>el derecho de propiedad intelectual y las citas de voz ajena;<\/li>\n<li>la exposici\u00f3n cr\u00edtica de la literatura sobre la materia la utilizaci\u00f3n de la bibliograf\u00eda;<\/li>\n<li>los aspectos formales de organizaci\u00f3n interna del texto y la relaci\u00f3n de citas y referencias bibliogr\u00e1ficas.<\/li>\n<\/ul>\n<p>La <em>Revista del Notariado<\/em> solicita a los colaboradores la <strong>exclusividad en la difusi\u00f3n de los art\u00edculos por un plazo de 18 meses<\/strong>, contados desde la fecha de aceptaci\u00f3n.<\/p>\n<ul>\n<li>A tal fin, el secretario de redacci\u00f3n le solicitar\u00e1 la conformidad correspondiente v\u00eda correo electr\u00f3nico.<\/li>\n<li>La <em>Revista del Notariado<\/em> se reserva asimismo el derecho de compartir sus contenidos\u00a0en la plataforma digital de Thomson Reuters denominada Sistema de Informaci\u00f3n Legal (tambi\u00e9n conocida como\u00a0<em>La Ley Online<\/em>).<\/li>\n<\/ul>\n<p>Las opiniones vertidas en los art\u00edculos de la <em>Revista del Notariado<\/em> <strong>son de responsabilidad exclusiva de sus autores y su publicaci\u00f3n no es vinculante ni constituye opini\u00f3n oficial del Colegio de Escribanos de la Ciudad de Buenos Aires<\/strong>.<\/p>\n<p>&nbsp;<\/p>\n<a class=\"mwm-aal-item\" name=\"podras-enviarnos-tu-articulo-directamente-a-traves-del-formulario-que-se-ubica-al-pie-de-esta-pagina-o-por-mail-a-revistadelnotariadocolegio-escribanosorgar\"><\/a><h3>Podr\u00e1s enviarnos tu art\u00edculo directamente a trav\u00e9s del formulario que se ubica al pie de esta p\u00e1gina o\u00a0 por mail a <span style=\"color: #c70000;\"><strong>revistadelnotariado@colegio-escribanos.org.ar<\/strong><\/span><\/h3>\n<a class=\"mwm-aal-item\" name=\"adjunta-aqui-tu-articulo-tu-cv-abreviado-y-tu-foto\"><\/a><h4>Adjunt\u00e1 aqu\u00ed tu art\u00edculo, tu CV abreviado y tu foto:<\/h4>\n<div role=\"form\" class=\"wpcf7\" id=\"wpcf7-f1585-o1\" lang=\"es-ES\" dir=\"ltr\">\n<div class=\"screen-reader-response\"><p role=\"status\" aria-live=\"polite\" aria-atomic=\"true\"><\/p> <ul><\/ul><\/div>\n<form action=\"\/index.php\/wp-json\/wp\/v2\/pages\/1566#wpcf7-f1585-o1\" method=\"post\" class=\"wpcf7-form init\" enctype=\"multipart\/form-data\" novalidate=\"novalidate\" data-status=\"init\">\n<div style=\"display: none;\">\n<input type=\"hidden\" name=\"_wpcf7\" value=\"1585\" \/>\n<input type=\"hidden\" name=\"_wpcf7_version\" value=\"5.5.2\" \/>\n<input type=\"hidden\" name=\"_wpcf7_locale\" value=\"es_ES\" \/>\n<input type=\"hidden\" name=\"_wpcf7_unit_tag\" value=\"wpcf7-f1585-o1\" \/>\n<input type=\"hidden\" name=\"_wpcf7_container_post\" value=\"0\" \/>\n<input type=\"hidden\" name=\"_wpcf7_posted_data_hash\" value=\"\" \/>\n<\/div>\n<p>Nombre<br \/>\n<span class=\"wpcf7-form-control-wrap your-name\"><input type=\"text\" name=\"your-name\" value=\"\" size=\"40\" class=\"wpcf7-form-control wpcf7-text wpcf7-validates-as-required\" aria-required=\"true\" aria-invalid=\"false\" \/><\/span> <\/p>\n<p>E-mail<br \/>\n<span class=\"wpcf7-form-control-wrap your-email\"><input type=\"email\" name=\"your-email\" value=\"\" size=\"40\" class=\"wpcf7-form-control wpcf7-text wpcf7-email wpcf7-validates-as-required wpcf7-validates-as-email\" aria-required=\"true\" aria-invalid=\"false\" \/><\/span> <\/p>\n<p>Tel\u00e9fono (opcional)<br \/>\n<span class=\"wpcf7-form-control-wrap your-phone_number\"><input type=\"tel\" name=\"your-phone_number\" value=\"\" size=\"40\" class=\"wpcf7-form-control wpcf7-text wpcf7-tel wpcf7-validates-as-tel\" aria-invalid=\"false\" \/><\/span> <\/p>\n<p>Localidad, provincia, pa\u00eds<br \/>\n<span class=\"wpcf7-form-control-wrap text-339\"><input type=\"text\" name=\"text-339\" value=\"\" size=\"40\" class=\"wpcf7-form-control wpcf7-text wpcf7-validates-as-required\" aria-required=\"true\" aria-invalid=\"false\" \/><\/span><\/p>\n<p>\n<span class=\"wpcf7-form-control-wrap file-249\"><input type=\"file\" name=\"file-249\" size=\"40\" class=\"wpcf7-form-control wpcf7-file wpcf7-validates-as-required\" accept=\".jpg,.jpeg,.png,.gif,.pdf,.doc,.docx,.ppt,.pptx,.odt,.avi,.ogg,.m4a,.mov,.mp3,.mp4,.mpg,.wav,.wmv\" aria-required=\"true\" aria-invalid=\"false\" \/><\/span><\/p>\n<p>Comentarios<br \/>\n<span class=\"wpcf7-form-control-wrap textarea-251\"><textarea name=\"textarea-251\" cols=\"40\" rows=\"10\" class=\"wpcf7-form-control wpcf7-textarea\" aria-invalid=\"false\"><\/textarea><\/span><\/p>\n<p><input type=\"submit\" value=\"Enviar\" class=\"wpcf7-form-control has-spinner wpcf7-submit\" \/><\/p>\n<p style=\"display: none !important;\" class=\"akismet-fields-container\" data-prefix=\"_wpcf7_ak_\"><label>&#916;<textarea name=\"_wpcf7_ak_hp_textarea\" cols=\"45\" rows=\"8\" maxlength=\"100\"><\/textarea><\/label><input type=\"hidden\" id=\"ak_js_1\" name=\"_wpcf7_ak_js\" value=\"41\"\/><script>document.getElementById( \"ak_js_1\" ).setAttribute( \"value\", ( new Date() ).getTime() );<\/script><\/p><div class=\"wpcf7-response-output\" aria-hidden=\"true\"><\/div><\/form><\/div>\n<p><strong>Gracias<\/strong><br \/>\n<strong><em>Secretar\u00eda de redacci\u00f3n<\/em><\/strong><\/p>\n","protected":false},"excerpt":{"rendered":"<p>Imagen: Thomas Heylen, CC-BY-NC-ND 2.0 &nbsp; Requisitos publicar en la Revista del Notariado: &nbsp; Los art\u00edculos deben: ser in\u00e9ditos\u00a0y cumplir las siguientes pautas formales de presentaci\u00f3n. Las colaboraciones recibidas ser\u00e1n [&hellip;]<\/p>\n","protected":false},"author":6,"featured_media":0,"parent":0,"menu_order":0,"comment_status":"closed","ping_status":"open","template":"page-templates\/full-width.php","meta":{"_et_pb_use_builder":"","_et_pb_old_content":"","_et_gb_content_width":"","spay_email":"","footnotes":""},"class_list":["post-1566","page","type-page","status-publish","hentry"],"yoast_head":"<!-- This site is optimized with the Yoast SEO plugin v23.6 - https:\/\/yoast.com\/wordpress\/plugins\/seo\/ -->\n<title>C\u00f3mo publicar - Revista del Notariado<\/title>\n<meta name=\"robots\" content=\"index, follow, max-snippet:-1, max-image-preview:large, max-video-preview:-1\" \/>\n<link rel=\"canonical\" href=\"https:\/\/www.revista-notariado.org.ar\/index.php\/como-publicar\/\" \/>\n<meta property=\"og:locale\" content=\"es_ES\" \/>\n<meta property=\"og:type\" content=\"article\" \/>\n<meta property=\"og:title\" content=\"C\u00f3mo publicar - Revista del Notariado\" \/>\n<meta property=\"og:description\" content=\"Imagen: Thomas Heylen, CC-BY-NC-ND 2.0 &nbsp; Requisitos publicar en la Revista del Notariado: &nbsp; Los art\u00edculos deben: ser in\u00e9ditos\u00a0y cumplir las siguientes pautas formales de presentaci\u00f3n. Las colaboraciones recibidas ser\u00e1n [&hellip;]\" \/>\n<meta property=\"og:url\" content=\"https:\/\/www.revista-notariado.org.ar\/index.php\/como-publicar\/\" \/>\n<meta property=\"og:site_name\" content=\"Revista del Notariado\" \/>\n<meta property=\"article:publisher\" content=\"https:\/\/www.facebook.com\/revistadelnotariado\/\" \/>\n<meta property=\"article:modified_time\" content=\"2026-03-26T18:14:29+00:00\" \/>\n<meta property=\"og:image\" content=\"https:\/\/www.revista-notariado.org.ar\/\/wp-content\/uploads\/2017\/09\/edificio-contrapicado_700x300.jpg\" \/>\n\t<meta property=\"og:image:width\" content=\"700\" \/>\n\t<meta property=\"og:image:height\" content=\"300\" \/>\n\t<meta property=\"og:image:type\" content=\"image\/jpeg\" \/>\n<meta name=\"twitter:card\" content=\"summary_large_image\" \/>\n<meta name=\"twitter:label1\" content=\"Tiempo de lectura\" \/>\n\t<meta name=\"twitter:data1\" content=\"2 minutos\" \/>\n<script type=\"application\/ld+json\" class=\"yoast-schema-graph\">{\"@context\":\"https:\/\/schema.org\",\"@graph\":[{\"@type\":\"WebPage\",\"@id\":\"https:\/\/www.revista-notariado.org.ar\/index.php\/como-publicar\/\",\"url\":\"https:\/\/www.revista-notariado.org.ar\/index.php\/como-publicar\/\",\"name\":\"C\u00f3mo publicar - Revista del Notariado\",\"isPartOf\":{\"@id\":\"https:\/\/www.revista-notariado.org.ar\/#website\"},\"primaryImageOfPage\":{\"@id\":\"https:\/\/www.revista-notariado.org.ar\/index.php\/como-publicar\/#primaryimage\"},\"image\":{\"@id\":\"https:\/\/www.revista-notariado.org.ar\/index.php\/como-publicar\/#primaryimage\"},\"thumbnailUrl\":\"https:\/\/www.revista-notariado.org.ar\/wp-content\/uploads\/2018\/07\/teclado3-mano_800x400.jpg\",\"datePublished\":\"2015-02-26T17:03:58+00:00\",\"dateModified\":\"2026-03-26T18:14:29+00:00\",\"breadcrumb\":{\"@id\":\"https:\/\/www.revista-notariado.org.ar\/index.php\/como-publicar\/#breadcrumb\"},\"inLanguage\":\"es\",\"potentialAction\":[{\"@type\":\"ReadAction\",\"target\":[\"https:\/\/www.revista-notariado.org.ar\/index.php\/como-publicar\/\"]}]},{\"@type\":\"ImageObject\",\"inLanguage\":\"es\",\"@id\":\"https:\/\/www.revista-notariado.org.ar\/index.php\/como-publicar\/#primaryimage\",\"url\":\"https:\/\/www.revista-notariado.org.ar\/\/wp-content\/uploads\/2017\/09\/edificio-contrapicado_700x300.jpg\",\"contentUrl\":\"https:\/\/www.revista-notariado.org.ar\/\/wp-content\/uploads\/2017\/09\/edificio-contrapicado_700x300.jpg\",\"width\":700,\"height\":300},{\"@type\":\"BreadcrumbList\",\"@id\":\"https:\/\/www.revista-notariado.org.ar\/index.php\/como-publicar\/#breadcrumb\",\"itemListElement\":[{\"@type\":\"ListItem\",\"position\":1,\"name\":\"Portada\",\"item\":\"https:\/\/www.revista-notariado.org.ar\/\"},{\"@type\":\"ListItem\",\"position\":2,\"name\":\"C\u00f3mo publicar\"}]},{\"@type\":\"WebSite\",\"@id\":\"https:\/\/www.revista-notariado.org.ar\/#website\",\"url\":\"https:\/\/www.revista-notariado.org.ar\/\",\"name\":\"Revista del Notariado\",\"description\":\"Director: Carlos Marcelo D&#039;Alessio\",\"publisher\":{\"@id\":\"https:\/\/www.revista-notariado.org.ar\/#organization\"},\"potentialAction\":[{\"@type\":\"SearchAction\",\"target\":{\"@type\":\"EntryPoint\",\"urlTemplate\":\"https:\/\/www.revista-notariado.org.ar\/?s={search_term_string}\"},\"query-input\":{\"@type\":\"PropertyValueSpecification\",\"valueRequired\":true,\"valueName\":\"search_term_string\"}}],\"inLanguage\":\"es\"},{\"@type\":\"Organization\",\"@id\":\"https:\/\/www.revista-notariado.org.ar\/#organization\",\"name\":\"Revista del Notariado\",\"url\":\"https:\/\/www.revista-notariado.org.ar\/\",\"logo\":{\"@type\":\"ImageObject\",\"inLanguage\":\"es\",\"@id\":\"https:\/\/www.revista-notariado.org.ar\/#\/schema\/logo\/image\/\",\"url\":\"https:\/\/www.revista-notariado.org.ar\/\/wp-content\/uploads\/2020\/06\/Logo-para.mail_.png\",\"contentUrl\":\"https:\/\/www.revista-notariado.org.ar\/\/wp-content\/uploads\/2020\/06\/Logo-para.mail_.png\",\"width\":642,\"height\":80,\"caption\":\"Revista del Notariado\"},\"image\":{\"@id\":\"https:\/\/www.revista-notariado.org.ar\/#\/schema\/logo\/image\/\"},\"sameAs\":[\"https:\/\/www.facebook.com\/revistadelnotariado\/\"]}]}<\/script>\n<!-- \/ Yoast SEO plugin. -->","yoast_head_json":{"title":"C\u00f3mo publicar - Revista del Notariado","robots":{"index":"index","follow":"follow","max-snippet":"max-snippet:-1","max-image-preview":"max-image-preview:large","max-video-preview":"max-video-preview:-1"},"canonical":"https:\/\/www.revista-notariado.org.ar\/index.php\/como-publicar\/","og_locale":"es_ES","og_type":"article","og_title":"C\u00f3mo publicar - Revista del Notariado","og_description":"Imagen: Thomas Heylen, CC-BY-NC-ND 2.0 &nbsp; Requisitos publicar en la Revista del Notariado: &nbsp; Los art\u00edculos deben: ser in\u00e9ditos\u00a0y cumplir las siguientes pautas formales de presentaci\u00f3n. Las colaboraciones recibidas ser\u00e1n [&hellip;]","og_url":"https:\/\/www.revista-notariado.org.ar\/index.php\/como-publicar\/","og_site_name":"Revista del Notariado","article_publisher":"https:\/\/www.facebook.com\/revistadelnotariado\/","article_modified_time":"2026-03-26T18:14:29+00:00","og_image":[{"width":700,"height":300,"url":"https:\/\/www.revista-notariado.org.ar\/\/wp-content\/uploads\/2017\/09\/edificio-contrapicado_700x300.jpg","type":"image\/jpeg"}],"twitter_card":"summary_large_image","twitter_misc":{"Tiempo de lectura":"2 minutos"},"schema":{"@context":"https:\/\/schema.org","@graph":[{"@type":"WebPage","@id":"https:\/\/www.revista-notariado.org.ar\/index.php\/como-publicar\/","url":"https:\/\/www.revista-notariado.org.ar\/index.php\/como-publicar\/","name":"C\u00f3mo publicar - Revista del Notariado","isPartOf":{"@id":"https:\/\/www.revista-notariado.org.ar\/#website"},"primaryImageOfPage":{"@id":"https:\/\/www.revista-notariado.org.ar\/index.php\/como-publicar\/#primaryimage"},"image":{"@id":"https:\/\/www.revista-notariado.org.ar\/index.php\/como-publicar\/#primaryimage"},"thumbnailUrl":"https:\/\/www.revista-notariado.org.ar\/wp-content\/uploads\/2018\/07\/teclado3-mano_800x400.jpg","datePublished":"2015-02-26T17:03:58+00:00","dateModified":"2026-03-26T18:14:29+00:00","breadcrumb":{"@id":"https:\/\/www.revista-notariado.org.ar\/index.php\/como-publicar\/#breadcrumb"},"inLanguage":"es","potentialAction":[{"@type":"ReadAction","target":["https:\/\/www.revista-notariado.org.ar\/index.php\/como-publicar\/"]}]},{"@type":"ImageObject","inLanguage":"es","@id":"https:\/\/www.revista-notariado.org.ar\/index.php\/como-publicar\/#primaryimage","url":"https:\/\/www.revista-notariado.org.ar\/\/wp-content\/uploads\/2017\/09\/edificio-contrapicado_700x300.jpg","contentUrl":"https:\/\/www.revista-notariado.org.ar\/\/wp-content\/uploads\/2017\/09\/edificio-contrapicado_700x300.jpg","width":700,"height":300},{"@type":"BreadcrumbList","@id":"https:\/\/www.revista-notariado.org.ar\/index.php\/como-publicar\/#breadcrumb","itemListElement":[{"@type":"ListItem","position":1,"name":"Portada","item":"https:\/\/www.revista-notariado.org.ar\/"},{"@type":"ListItem","position":2,"name":"C\u00f3mo publicar"}]},{"@type":"WebSite","@id":"https:\/\/www.revista-notariado.org.ar\/#website","url":"https:\/\/www.revista-notariado.org.ar\/","name":"Revista del Notariado","description":"Director: Carlos Marcelo D&#039;Alessio","publisher":{"@id":"https:\/\/www.revista-notariado.org.ar\/#organization"},"potentialAction":[{"@type":"SearchAction","target":{"@type":"EntryPoint","urlTemplate":"https:\/\/www.revista-notariado.org.ar\/?s={search_term_string}"},"query-input":{"@type":"PropertyValueSpecification","valueRequired":true,"valueName":"search_term_string"}}],"inLanguage":"es"},{"@type":"Organization","@id":"https:\/\/www.revista-notariado.org.ar\/#organization","name":"Revista del Notariado","url":"https:\/\/www.revista-notariado.org.ar\/","logo":{"@type":"ImageObject","inLanguage":"es","@id":"https:\/\/www.revista-notariado.org.ar\/#\/schema\/logo\/image\/","url":"https:\/\/www.revista-notariado.org.ar\/\/wp-content\/uploads\/2020\/06\/Logo-para.mail_.png","contentUrl":"https:\/\/www.revista-notariado.org.ar\/\/wp-content\/uploads\/2020\/06\/Logo-para.mail_.png","width":642,"height":80,"caption":"Revista del Notariado"},"image":{"@id":"https:\/\/www.revista-notariado.org.ar\/#\/schema\/logo\/image\/"},"sameAs":["https:\/\/www.facebook.com\/revistadelnotariado\/"]}]}},"jetpack_sharing_enabled":true,"jetpack_shortlink":"https:\/\/wp.me\/P50Sui-pg","jetpack-related-posts":[],"_links":{"self":[{"href":"https:\/\/www.revista-notariado.org.ar\/index.php\/wp-json\/wp\/v2\/pages\/1566"}],"collection":[{"href":"https:\/\/www.revista-notariado.org.ar\/index.php\/wp-json\/wp\/v2\/pages"}],"about":[{"href":"https:\/\/www.revista-notariado.org.ar\/index.php\/wp-json\/wp\/v2\/types\/page"}],"author":[{"embeddable":true,"href":"https:\/\/www.revista-notariado.org.ar\/index.php\/wp-json\/wp\/v2\/users\/6"}],"replies":[{"embeddable":true,"href":"https:\/\/www.revista-notariado.org.ar\/index.php\/wp-json\/wp\/v2\/comments?post=1566"}],"version-history":[{"count":41,"href":"https:\/\/www.revista-notariado.org.ar\/index.php\/wp-json\/wp\/v2\/pages\/1566\/revisions"}],"predecessor-version":[{"id":18638,"href":"https:\/\/www.revista-notariado.org.ar\/index.php\/wp-json\/wp\/v2\/pages\/1566\/revisions\/18638"}],"wp:attachment":[{"href":"https:\/\/www.revista-notariado.org.ar\/index.php\/wp-json\/wp\/v2\/media?parent=1566"}],"curies":[{"name":"wp","href":"https:\/\/api.w.org\/{rel}","templated":true}]}}