{"id":150,"date":"2014-03-06T19:34:49","date_gmt":"2014-03-06T19:34:49","guid":{"rendered":"http:\/\/www.revista-notariado.org.ar\/?page_id=150"},"modified":"2025-05-28T13:02:02","modified_gmt":"2025-05-28T16:02:02","slug":"acerca-de-la-revista","status":"publish","type":"page","link":"https:\/\/www.revista-notariado.org.ar\/index.php\/acerca-de-la-revista\/","title":{"rendered":"Acerca de la Revista"},"content":{"rendered":"<div style=\"float: right; width: 35%; background-color: #f7f7f7; padding-left: 15px;\">\n<a class=\"mwm-aal-item\" name=\"directores\"><\/a><h4>Directores*<\/h4>\n<p>Horacio E. Rossi \u00a0(1935-1938)<\/p>\n<p>Patricio Harrington \u00a0(1938-1940)<\/p>\n<p>Jos\u00e9 A. Negri \u00a0(1940-1941)<\/p>\n<p>Juan Illa \u00a0(1941-1942)<\/p>\n<p>Patricio Harrington \u00a0(1942-1943)<\/p>\n<p>Luis F. Catal\u00e1 \u00a0(1943-1944)<\/p>\n<p>Jos\u00e9 Mar\u00eda Must\u00e1pich \u00a0(1944-1945)<\/p>\n<p>Carlos A. Petracchi \u00a0(1945-1955)<\/p>\n<p>Alberto May Zubiria \u00a0(1956-1957)<\/p>\n<p>Aquiles Yorio \u00a0(1957-1969)<\/p>\n<p>Carlos A. Pelosi \u00a0(1969-1980)<\/p>\n<p>Francisco Ferrari Ceretti \u00a0(1980-1981)<\/p>\n<p>Ignacio M. Allende \u00a0(1982-1984)<\/p>\n<p>Francisco J. Olivero\u00a0\u00a0(1984-1985)<\/p>\n<p>Abel D. Di Pr\u00f3spero \u00a0(1985-1989)<\/p>\n<p>Juan C. Ceriani Cernadas \u00a0(1989-2002)<\/p>\n<p>\u00c1lvaro Guti\u00e9rrez Zald\u00edvar (2002-2017)<\/p>\n<p>Diego M. Mart\u00ed (2017-2025)<\/p>\n<p>&nbsp;<\/p>\n<p><sup><em>* Durante los a\u00f1os 1897-1935, la Revista fue dirigida por comisiones.<\/em><\/sup><\/p>\n<\/div>\n<div style=\"width: 60%;\">\n<p>La <strong><em>Revista del Notariado<\/em><\/strong> es la segunda revista jur\u00eddica m\u00e1s antigua de las que todav\u00eda se publican en nuestro pa\u00eds, luego de la del Colegio de Escribanos de la Provincia de Buenos Aires, que fue creada tres a\u00f1os antes.<\/p>\n<p>El 21 de septiembre del a\u00f1o 1897, dos escribanos presentaron un proyecto a la Comisi\u00f3n Directiva del Colegio de Escribanos para fundar lo que luego ser\u00eda la <em>Revista del Notariado<\/em>. En la Asamblea Extraordinaria que se llev\u00f3 a cabo el 7 de octubre de 1897 para tratar el proyecto, la moci\u00f3n fue finalmente aprobada. Inmediatamente despu\u00e9s de su creaci\u00f3n, la <em>Revista<\/em> recibi\u00f3 felicitaciones del general Bartolom\u00e9 Mitre, Bernardo de Irigoyen, Vicente Fidel L\u00f3pez y otros.<\/p>\n<p>La direcci\u00f3n de la <em>Revista<\/em> qued\u00f3 a cargo de una comisi\u00f3n, y se redact\u00f3 un reglamento para su funcionamiento.<\/p>\n<p>Seg\u00fan lo resuelto en esta Asamblea, el objetivo de la <em>Revista<\/em> ser\u00eda \u201cdefender los intereses del gremio notarial y propender a consolidar, por todos los medios posibles, los v\u00ednculos de uni\u00f3n y compa\u00f1erismo que deben reinar entre todos los escribanos de la Rep\u00fablica\u201d. Asimismo, el art\u00edculo 3 del reglamento especificaba que se publicar\u00edan all\u00ed los art\u00edculos cient\u00edficos, literarios o jur\u00eddicos, sentencias y todos los dem\u00e1s asuntos que, por su \u00edndole o naturaleza, tuvieran relaci\u00f3n o inter\u00e9s para la profesi\u00f3n notarial. Quedar\u00edan exceptuadas las cuestiones de car\u00e1cter pol\u00edtico o religioso y las pol\u00e9micas personales. El art\u00edculo 5 establec\u00eda la facultad para admitir o rechazar todo trabajo que suscitara discusi\u00f3n entre sus miembros. El reglamento permit\u00eda que las contribuciones se firmaran con seud\u00f3nimo y les prohib\u00eda a los miembros de la Comisi\u00f3n dar el nombre del autor si este as\u00ed lo hubiera pedido. En cambio, si el art\u00edculo era replicado, la r\u00e9plica deb\u00eda contener el nombre del replicante.<\/p>\n<p>En el N\u00ba 1 uno se transcribieron las principales disposiciones y se estableci\u00f3 que la <em>Revista<\/em> ser\u00eda uno de los \u00f3rganos del Colegio Nacional de Escribanos; deb\u00eda aparecer el d\u00eda 15 de cada mes. La tirada\u00a0era de cuatrocientos ejemplares y se reservaban cuarenta para formar colecciones. El precio era de un peso. Se sosten\u00eda con avisos profesionales de abogados y escribanos.<\/p>\n<\/div>\n<div style=\"width: 90%;\">\n<p>Los primero n\u00fameros no ten\u00edan \u00edndices, eran mensuales y la numeraci\u00f3n de sus p\u00e1ginas era correlativa: cada n\u00famero continuaba desde la p\u00e1gina\u00a0en la que hab\u00eda terminado el n\u00famero anterior. Este sistema fue modificado a\u00f1os\u00a0despu\u00e9s. Paulatinamente, los contenidos se fueron incrementando.<\/p>\n<p>Los diez primeros n\u00fameros ten\u00edan unas treinta p\u00e1ginas en promedio cada uno: la misma cantidad de p\u00e1ginas que tuvo el \u00faltimo n\u00famero que se imprimi\u00f3 en soporte papel (N\u00ba 914).<\/p>\n<p>A lo largo de los a\u00f1os, los sucesivos Consejos Directivos fueron cediendo espacios de la <em>Revista<\/em> a los nuevos Colegios de Escribanos que se constitu\u00edan en el interior del pa\u00eds, para que pudieran incluir noticias locales. As\u00ed, en 1937, se firm\u00f3 un convenio con el Colegio de Escribanos de Rosario por el cual se le concedi\u00f3 \u201cel espacio de un pliego de ocho p\u00e1ginas para publicar noticias y comentarios de su inter\u00e9s\u201d.<\/p>\n<p>En 1938, se suscribi\u00f3 un convenio con el Colegio de Escribanos de Tucum\u00e1n para utilizar en la <em>Revista<\/em>\u00a0\u201cun pliego de cuatro p\u00e1ginas a los fines de la publicaci\u00f3n de noticias, comentarios y leyes\u201d que ese Colegio considerara necesario difundir.<\/p>\n<p>En 1942, se dispuso destinar, en el n\u00famero del mes de junio, una \u201csecci\u00f3n especial para el Colegio de Escribanos de C\u00f3rdoba, con la cr\u00f3nica, discursos, fotograf\u00edas de los actos celebratorios del vig\u00e9simo quinto aniversario de su fundaci\u00f3n e imprimir doscientos ejemplares m\u00e1s para obsequiar a dicho Colegio\u201d.<\/p>\n<p>La evoluci\u00f3n de la <em>Revista<\/em> se produjo en forma gradual, a trav\u00e9s de modificaciones que comprend\u00edan el tama\u00f1o, el contenido y la presentaci\u00f3n. De hecho, el primer cambio importante fue su nombre. La propuesta era fundarla como <em>Revista del Colegio Nacional de Escribanos<\/em>, pero finalmente se la denomin\u00f3 <em>Revista del Notariado<\/em>.<\/p>\n<p>Durante cuarenta y seis a\u00f1os no hubo un \u00edndice general de cada a\u00f1o; cada revista ten\u00eda uno propio, individual. El primer \u00edndice repertorio anual se edit\u00f3 en 1944 -ya se hab\u00edan publicado quinientos nueve n\u00fameros- . La <em>Revista<\/em> continu\u00f3 editando \u00edndices anuales hasta el a\u00f1o 2012, y fueron reemplazados por los motores de b\u00fasqueda de la p\u00e1gina web del Colegio (y ahora, la propia de la <em>Revista<\/em>), m\u00e1s \u00e1giles y avanzados.<\/p>\n<p>En el a\u00f1o 1997, se edit\u00f3 un CD que incluy\u00f3 los n\u00fameros\u00a0publicados entre 1968 y 1995. En el a\u00f1o 2000 se edit\u00f3 otro, que abarc\u00f3 los n\u00fameros aparecidos entre 1968 y 1997, que ofrec\u00eda mejores herramientas de b\u00fasqueda. Luego, se estudi\u00f3 la posibilidad de hacer un nuevo CD actualizado, pero se decidi\u00f3 que era mejor subir la <em>Revista<\/em> al portal web del Colegio, lo que se hizo a fines de 2004.<\/p>\n<p>A lo largo de los a\u00f1os, la <em>Revista<\/em> atraves\u00f3 diversos periodos en cuanto a la secuencia de aparici\u00f3n de sus n\u00fameros. En sus comienzos, fue\u00a0mensual y luego bimestral. En 1985, se publicaron cinco n\u00fameros: los tres primeros, bimestrales, y los dos \u00faltimos, trimestrales. Desde ah\u00ed en adelante, la <em>Revista<\/em>\u00a0su conocida\u00a0frecuencia trimestral.<\/p>\n<p>En el a\u00f1o 2008, la <em>Revista<\/em> public\u00f3 como edici\u00f3n especial, en formato de separata, la jurisprudencia del Tribunal de Superintendencia del Notariado correspondiente a los a\u00f1os 2002-2006. El trabajo fue elaborado por un equipo del Tribunal y editado por la <em>Revista<\/em>.<\/p>\n<p>En el a\u00f1o 2010, la <em>Revista<\/em> public\u00f3 una nueva separata, un trabajo especial dedicado al tema de las donaciones a herederos forzosos.<\/p>\n<p>En el N\u00ba 914, correspondiente al trimestre octubre-diciembre de 2013, se public\u00f3 como dossier el \u201cInforme del Colegio de Escribanos de la Ciudad de Buenos Aires respecto del Proyecto de C\u00f3digo Civil y Comercial de la Naci\u00f3n (aprobado por el Honorable Senado de la Naci\u00f3n el 28 de noviembre de 2013)\u201d, que se\u00f1alaba la conveniencia de introducir modificaciones sobre el\u00a0cuerpo normativo proyectado.<\/p>\n<p>A partir del trabajo mancomunado de los Consejos Directivos y la colaboraci\u00f3n de las \u00e1reas internas del Colegio, la biblioteca \u00abJos\u00e9 A. Negri\u00bb y las comisiones e institutos del Colegio, la <em>Revista del Notariado<\/em> ha tenido en sus ciento diecisiete a\u00f1os de historia diversos cambios muy positivos. Expresamos que son positivos porque hay gente, los llamados \u201crupturistas\u201d, que sostiene que cada cambio invalida lo que se hac\u00eda antes. Nosotros pensamos distinto, creemos que los cambios son eslabones que constituyen una cadena que se extiende y mejora, una adaptaci\u00f3n a los tiempos sin p\u00e9rdida de valores.<\/p>\n<p>&nbsp;<\/p>\n<p style=\"text-align: right;\"><em><strong>\u00c1lvaro Guti\u00e9rrez Zald\u00edvar<\/strong><\/em><\/p>\n<p>&nbsp;<\/p>\n<p>&nbsp;<\/p>\n<p>&nbsp;<\/p>\n<p>&nbsp;<\/p>\n<h4><\/h4>\n<\/div>\n<p>&nbsp;<\/p>\n<p>&nbsp;<\/p>\n<div style=\"width: 90%;\">\n<a class=\"mwm-aal-item\" name=\"propietario-de-la-revista-del-notariado\"><\/a><h5>Propietario de la Revista del Notariado<\/h5>\n<p><a href=\"https:\/\/www.colegio-escribanos.org.ar\/\" target=\"_blank\" rel=\"noopener noreferrer\">Colegio de Escribanos de la Ciudad de Buenos Aires<\/a><\/p>\n<p>&nbsp;<\/p>\n<a class=\"mwm-aal-item\" name=\"direccion-y-administracion\"><\/a><h5>Direcci\u00f3n y administraci\u00f3n<\/h5>\n<p>Departamento de Comunicaciones del<br \/>\nColegio de Escribanos de la Ciudad de Buenos Aires<\/p>\n<p>Av. Callao 1542 1\u00ba \u2013 C1024AAO \u2013 Buenos Aires Rep\u00fablica Argentina<br \/>\n+54-11-4809-7072<br \/>\nrevistadelnotariado@colegio-escribanos.org.ar<\/p>\n<p>ISSN: 2362-6186<\/p>\n<p>N\u00ba de Registro DNDA: 5287398<\/p>\n<p>&nbsp;<\/p>\n<p style=\"background-color: #f6cece; padding: 7px;\"><strong>Las opiniones vertidas en los art\u00edculos de la\u00a0<em>Revista del Notariado<\/em>\u00a0son de responsabilidad exclusiva de sus autores. Su publicaci\u00f3n no es vinculante ni constituye opini\u00f3n oficial del Colegio de Escribanos de la Ciudad de Buenos Aires.<\/strong><\/p>\n<p>&nbsp;<\/p>\n<\/div>\n","protected":false},"excerpt":{"rendered":"<p>Directores* Horacio E. Rossi \u00a0(1935-1938) Patricio Harrington \u00a0(1938-1940) Jos\u00e9 A. Negri \u00a0(1940-1941) Juan Illa \u00a0(1941-1942) Patricio Harrington \u00a0(1942-1943) Luis F. Catal\u00e1 \u00a0(1943-1944) Jos\u00e9 Mar\u00eda Must\u00e1pich \u00a0(1944-1945) Carlos A. Petracchi \u00a0(1945-1955) [&hellip;]<\/p>\n","protected":false},"author":13,"featured_media":0,"parent":0,"menu_order":0,"comment_status":"open","ping_status":"open","template":"page-templates\/full-width.php","meta":{"_et_pb_use_builder":"","_et_pb_old_content":"","_et_gb_content_width":"","spay_email":"","footnotes":""},"class_list":["post-150","page","type-page","status-publish","hentry"],"yoast_head":"<!-- This site is optimized with the Yoast SEO plugin v23.6 - https:\/\/yoast.com\/wordpress\/plugins\/seo\/ -->\n<title>Acerca de la Revista - Revista del Notariado<\/title>\n<meta name=\"robots\" content=\"index, follow, max-snippet:-1, max-image-preview:large, max-video-preview:-1\" \/>\n<link rel=\"canonical\" href=\"https:\/\/www.revista-notariado.org.ar\/index.php\/acerca-de-la-revista\/\" \/>\n<meta property=\"og:locale\" content=\"es_ES\" \/>\n<meta property=\"og:type\" content=\"article\" \/>\n<meta property=\"og:title\" content=\"Acerca de la Revista - Revista del Notariado\" \/>\n<meta property=\"og:description\" content=\"Directores* Horacio E. Rossi \u00a0(1935-1938) Patricio Harrington \u00a0(1938-1940) Jos\u00e9 A. Negri \u00a0(1940-1941) Juan Illa \u00a0(1941-1942) Patricio Harrington \u00a0(1942-1943) Luis F. Catal\u00e1 \u00a0(1943-1944) Jos\u00e9 Mar\u00eda Must\u00e1pich \u00a0(1944-1945) Carlos A. Petracchi \u00a0(1945-1955) [&hellip;]\" \/>\n<meta property=\"og:url\" content=\"https:\/\/www.revista-notariado.org.ar\/index.php\/acerca-de-la-revista\/\" \/>\n<meta property=\"og:site_name\" content=\"Revista del Notariado\" \/>\n<meta property=\"article:publisher\" content=\"https:\/\/www.facebook.com\/revistadelnotariado\/\" \/>\n<meta property=\"article:modified_time\" content=\"2025-05-28T16:02:02+00:00\" \/>\n<meta name=\"twitter:card\" content=\"summary_large_image\" \/>\n<meta name=\"twitter:label1\" content=\"Tiempo de lectura\" \/>\n\t<meta name=\"twitter:data1\" content=\"6 minutos\" \/>\n<script type=\"application\/ld+json\" class=\"yoast-schema-graph\">{\"@context\":\"https:\/\/schema.org\",\"@graph\":[{\"@type\":\"WebPage\",\"@id\":\"https:\/\/www.revista-notariado.org.ar\/index.php\/acerca-de-la-revista\/\",\"url\":\"https:\/\/www.revista-notariado.org.ar\/index.php\/acerca-de-la-revista\/\",\"name\":\"Acerca de la Revista - Revista del Notariado\",\"isPartOf\":{\"@id\":\"https:\/\/www.revista-notariado.org.ar\/#website\"},\"datePublished\":\"2014-03-06T19:34:49+00:00\",\"dateModified\":\"2025-05-28T16:02:02+00:00\",\"breadcrumb\":{\"@id\":\"https:\/\/www.revista-notariado.org.ar\/index.php\/acerca-de-la-revista\/#breadcrumb\"},\"inLanguage\":\"es\",\"potentialAction\":[{\"@type\":\"ReadAction\",\"target\":[\"https:\/\/www.revista-notariado.org.ar\/index.php\/acerca-de-la-revista\/\"]}]},{\"@type\":\"BreadcrumbList\",\"@id\":\"https:\/\/www.revista-notariado.org.ar\/index.php\/acerca-de-la-revista\/#breadcrumb\",\"itemListElement\":[{\"@type\":\"ListItem\",\"position\":1,\"name\":\"Portada\",\"item\":\"https:\/\/www.revista-notariado.org.ar\/\"},{\"@type\":\"ListItem\",\"position\":2,\"name\":\"Acerca de la Revista\"}]},{\"@type\":\"WebSite\",\"@id\":\"https:\/\/www.revista-notariado.org.ar\/#website\",\"url\":\"https:\/\/www.revista-notariado.org.ar\/\",\"name\":\"Revista del Notariado\",\"description\":\"Director: Carlos Marcelo D&#039;Alessio\",\"publisher\":{\"@id\":\"https:\/\/www.revista-notariado.org.ar\/#organization\"},\"potentialAction\":[{\"@type\":\"SearchAction\",\"target\":{\"@type\":\"EntryPoint\",\"urlTemplate\":\"https:\/\/www.revista-notariado.org.ar\/?s={search_term_string}\"},\"query-input\":{\"@type\":\"PropertyValueSpecification\",\"valueRequired\":true,\"valueName\":\"search_term_string\"}}],\"inLanguage\":\"es\"},{\"@type\":\"Organization\",\"@id\":\"https:\/\/www.revista-notariado.org.ar\/#organization\",\"name\":\"Revista del Notariado\",\"url\":\"https:\/\/www.revista-notariado.org.ar\/\",\"logo\":{\"@type\":\"ImageObject\",\"inLanguage\":\"es\",\"@id\":\"https:\/\/www.revista-notariado.org.ar\/#\/schema\/logo\/image\/\",\"url\":\"https:\/\/www.revista-notariado.org.ar\/\/wp-content\/uploads\/2020\/06\/Logo-para.mail_.png\",\"contentUrl\":\"https:\/\/www.revista-notariado.org.ar\/\/wp-content\/uploads\/2020\/06\/Logo-para.mail_.png\",\"width\":642,\"height\":80,\"caption\":\"Revista del Notariado\"},\"image\":{\"@id\":\"https:\/\/www.revista-notariado.org.ar\/#\/schema\/logo\/image\/\"},\"sameAs\":[\"https:\/\/www.facebook.com\/revistadelnotariado\/\"]}]}<\/script>\n<!-- \/ Yoast SEO plugin. -->","yoast_head_json":{"title":"Acerca de la Revista - Revista del Notariado","robots":{"index":"index","follow":"follow","max-snippet":"max-snippet:-1","max-image-preview":"max-image-preview:large","max-video-preview":"max-video-preview:-1"},"canonical":"https:\/\/www.revista-notariado.org.ar\/index.php\/acerca-de-la-revista\/","og_locale":"es_ES","og_type":"article","og_title":"Acerca de la Revista - Revista del Notariado","og_description":"Directores* Horacio E. Rossi \u00a0(1935-1938) Patricio Harrington \u00a0(1938-1940) Jos\u00e9 A. Negri \u00a0(1940-1941) Juan Illa \u00a0(1941-1942) Patricio Harrington \u00a0(1942-1943) Luis F. Catal\u00e1 \u00a0(1943-1944) Jos\u00e9 Mar\u00eda Must\u00e1pich \u00a0(1944-1945) Carlos A. Petracchi \u00a0(1945-1955) [&hellip;]","og_url":"https:\/\/www.revista-notariado.org.ar\/index.php\/acerca-de-la-revista\/","og_site_name":"Revista del Notariado","article_publisher":"https:\/\/www.facebook.com\/revistadelnotariado\/","article_modified_time":"2025-05-28T16:02:02+00:00","twitter_card":"summary_large_image","twitter_misc":{"Tiempo de lectura":"6 minutos"},"schema":{"@context":"https:\/\/schema.org","@graph":[{"@type":"WebPage","@id":"https:\/\/www.revista-notariado.org.ar\/index.php\/acerca-de-la-revista\/","url":"https:\/\/www.revista-notariado.org.ar\/index.php\/acerca-de-la-revista\/","name":"Acerca de la Revista - Revista del Notariado","isPartOf":{"@id":"https:\/\/www.revista-notariado.org.ar\/#website"},"datePublished":"2014-03-06T19:34:49+00:00","dateModified":"2025-05-28T16:02:02+00:00","breadcrumb":{"@id":"https:\/\/www.revista-notariado.org.ar\/index.php\/acerca-de-la-revista\/#breadcrumb"},"inLanguage":"es","potentialAction":[{"@type":"ReadAction","target":["https:\/\/www.revista-notariado.org.ar\/index.php\/acerca-de-la-revista\/"]}]},{"@type":"BreadcrumbList","@id":"https:\/\/www.revista-notariado.org.ar\/index.php\/acerca-de-la-revista\/#breadcrumb","itemListElement":[{"@type":"ListItem","position":1,"name":"Portada","item":"https:\/\/www.revista-notariado.org.ar\/"},{"@type":"ListItem","position":2,"name":"Acerca de la Revista"}]},{"@type":"WebSite","@id":"https:\/\/www.revista-notariado.org.ar\/#website","url":"https:\/\/www.revista-notariado.org.ar\/","name":"Revista del Notariado","description":"Director: Carlos Marcelo D&#039;Alessio","publisher":{"@id":"https:\/\/www.revista-notariado.org.ar\/#organization"},"potentialAction":[{"@type":"SearchAction","target":{"@type":"EntryPoint","urlTemplate":"https:\/\/www.revista-notariado.org.ar\/?s={search_term_string}"},"query-input":{"@type":"PropertyValueSpecification","valueRequired":true,"valueName":"search_term_string"}}],"inLanguage":"es"},{"@type":"Organization","@id":"https:\/\/www.revista-notariado.org.ar\/#organization","name":"Revista del Notariado","url":"https:\/\/www.revista-notariado.org.ar\/","logo":{"@type":"ImageObject","inLanguage":"es","@id":"https:\/\/www.revista-notariado.org.ar\/#\/schema\/logo\/image\/","url":"https:\/\/www.revista-notariado.org.ar\/\/wp-content\/uploads\/2020\/06\/Logo-para.mail_.png","contentUrl":"https:\/\/www.revista-notariado.org.ar\/\/wp-content\/uploads\/2020\/06\/Logo-para.mail_.png","width":642,"height":80,"caption":"Revista del Notariado"},"image":{"@id":"https:\/\/www.revista-notariado.org.ar\/#\/schema\/logo\/image\/"},"sameAs":["https:\/\/www.facebook.com\/revistadelnotariado\/"]}]}},"jetpack_sharing_enabled":true,"jetpack_shortlink":"https:\/\/wp.me\/P50Sui-2q","jetpack-related-posts":[],"_links":{"self":[{"href":"https:\/\/www.revista-notariado.org.ar\/index.php\/wp-json\/wp\/v2\/pages\/150"}],"collection":[{"href":"https:\/\/www.revista-notariado.org.ar\/index.php\/wp-json\/wp\/v2\/pages"}],"about":[{"href":"https:\/\/www.revista-notariado.org.ar\/index.php\/wp-json\/wp\/v2\/types\/page"}],"author":[{"embeddable":true,"href":"https:\/\/www.revista-notariado.org.ar\/index.php\/wp-json\/wp\/v2\/users\/13"}],"replies":[{"embeddable":true,"href":"https:\/\/www.revista-notariado.org.ar\/index.php\/wp-json\/wp\/v2\/comments?post=150"}],"version-history":[{"count":28,"href":"https:\/\/www.revista-notariado.org.ar\/index.php\/wp-json\/wp\/v2\/pages\/150\/revisions"}],"predecessor-version":[{"id":17857,"href":"https:\/\/www.revista-notariado.org.ar\/index.php\/wp-json\/wp\/v2\/pages\/150\/revisions\/17857"}],"wp:attachment":[{"href":"https:\/\/www.revista-notariado.org.ar\/index.php\/wp-json\/wp\/v2\/media?parent=150"}],"curies":[{"name":"wp","href":"https:\/\/api.w.org\/{rel}","templated":true}]}}