{"id":13428,"date":"2022-01-25T15:37:03","date_gmt":"2022-01-25T18:37:03","guid":{"rendered":"http:\/\/www.revista-notariado.org.ar\/?page_id=13428"},"modified":"2022-06-29T10:43:39","modified_gmt":"2022-06-29T13:43:39","slug":"todos-los-articulos-de-la-revista-del-notariado-digital","status":"publish","type":"page","link":"https:\/\/www.revista-notariado.org.ar\/index.php\/todos-los-articulos-de-la-revista-del-notariado-digital\/","title":{"rendered":"Todos los art\u00edculos de la Revista del Notariado digital"},"content":{"rendered":"<p>[et_pb_section fb_built=\u00bb1&#8243; _builder_version=\u00bb4.11.4&#8243; _module_preset=\u00bbdefault\u00bb global_colors_info=\u00bb{}\u00bb][et_pb_row _builder_version=\u00bb4.11.4&#8243; _module_preset=\u00bbdefault\u00bb global_colors_info=\u00bb{}\u00bb][et_pb_column type=\u00bb4_4&#8243; _builder_version=\u00bb4.11.4&#8243; _module_preset=\u00bbdefault\u00bb global_colors_info=\u00bb{}\u00bb][dpdfg_filtergrid custom_query=\u00bbadvanced\u00bb use_taxonomy_terms=\u00bbon\u00bb multiple_taxonomies=\u00bbseccion\u00bb include_terms=\u00bb1020,3836,13,31,34,175,177&#8243; include_children_terms=\u00bboff\u00bb post_number=\u00bb-1&#8243; no_results=\u00bbNo se encontraron resultados\u00bb use_overlay=\u00bboff\u00bb title_link=\u00bbon\u00bb show_author=\u00bboff\u00bb show_date=\u00bbon\u00bb date_format=\u00bbj F Y\u00bb show_content=\u00bbon\u00bb read_more_window=\u00bbon\u00bb show_custom_fields=\u00bbon\u00bb custom_fields=\u00bb%91{%22name%22:%22autor_portada%22,%22label%22:%22%22}%93&#8243; show_custom_content=\u00bbon\u00bb show_filters=\u00bboff\u00bb items_layout=\u00bbdp-dfg-layout-list\u00bb disabled_on=\u00bboff|off|off\u00bb _builder_version=\u00bb4.11.4&#8243; _module_preset=\u00bbdefault\u00bb dpdfg_entry_title_font=\u00bb||||||||\u00bb dpdfg_entry_title_font_size=\u00bb35px\u00bb dpdfg_entry_title_letter_spacing=\u00bb1px\u00bb dpdfg_entry_meta_font_size=\u00bb12px\u00bb dpdfg_entry_cf_label_font=\u00bb|600|||||||\u00bb dpdfg_entry_cf_label_text_color=\u00bb#e3348b\u00bb dpdfg_entry_cf_label_font_size=\u00bb25px\u00bb dpdfg_entry_cf_value_font=\u00bb|700|||||||\u00bb dpdfg_entry_cf_value_text_color=\u00bb#e3348b\u00bb dpdfg_entry_cf_value_font_size=\u00bb20px\u00bb dpdfg_entry_cf_value_line_height=\u00bb-4em\u00bb hover_enabled=\u00bb0&#8243; box_shadow_style=\u00bbpreset2&#8243; global_colors_info=\u00bb{}\u00bb sticky_enabled=\u00bb0&#8243;][\/dpdfg_filtergrid][\/et_pb_column][\/et_pb_row][\/et_pb_section]<\/p>\n","protected":false},"excerpt":{"rendered":"<p>Usufructo gratuito: revocaci\u00f3n por ingratitud y extinci\u00f3n por no uso22 abril 2026Bolet\u00edn digital de jurisprudencia. No procede la revocaci\u00f3n por ingratitud por no configurarse las causales invocadas.Selecci\u00f3n de Mar\u00eda&#8230;<\/p>\n","protected":false},"author":13,"featured_media":0,"parent":0,"menu_order":0,"comment_status":"closed","ping_status":"closed","template":"page-templates\/full-width.php","meta":{"_et_pb_use_builder":"on","_et_pb_old_content":"","_et_gb_content_width":"","spay_email":"","footnotes":""},"class_list":["post-13428","page","type-page","status-publish","hentry"],"yoast_head":"<!-- This site is optimized with the Yoast SEO plugin v23.6 - https:\/\/yoast.com\/wordpress\/plugins\/seo\/ -->\n<title>Todos los art\u00edculos de la Revista del Notariado digital - Revista del Notariado<\/title>\n<meta name=\"robots\" content=\"index, follow, max-snippet:-1, max-image-preview:large, max-video-preview:-1\" \/>\n<link rel=\"canonical\" href=\"https:\/\/www.revista-notariado.org.ar\/index.php\/todos-los-articulos-de-la-revista-del-notariado-digital\/\" \/>\n<meta property=\"og:locale\" content=\"es_ES\" \/>\n<meta property=\"og:type\" content=\"article\" \/>\n<meta property=\"og:title\" content=\"Todos los art\u00edculos de la Revista del Notariado digital - Revista del Notariado\" \/>\n<meta property=\"og:description\" content=\"Usufructo gratuito: revocaci\u00f3n por ingratitud y extinci\u00f3n por no uso22 abril 2026Bolet\u00edn digital de jurisprudencia. No procede la revocaci\u00f3n por ingratitud por no configurarse las causales invocadas.Selecci\u00f3n de Mar\u00eda...\" \/>\n<meta property=\"og:url\" content=\"https:\/\/www.revista-notariado.org.ar\/index.php\/todos-los-articulos-de-la-revista-del-notariado-digital\/\" \/>\n<meta property=\"og:site_name\" content=\"Revista del Notariado\" \/>\n<meta property=\"article:publisher\" content=\"https:\/\/www.facebook.com\/revistadelnotariado\/\" \/>\n<meta property=\"article:modified_time\" content=\"2022-06-29T13:43:39+00:00\" \/>\n<meta name=\"twitter:card\" content=\"summary_large_image\" \/>\n<meta name=\"twitter:label1\" content=\"Tiempo de lectura\" \/>\n\t<meta name=\"twitter:data1\" content=\"1 minuto\" \/>\n<script type=\"application\/ld+json\" class=\"yoast-schema-graph\">{\"@context\":\"https:\/\/schema.org\",\"@graph\":[{\"@type\":\"WebPage\",\"@id\":\"https:\/\/www.revista-notariado.org.ar\/index.php\/todos-los-articulos-de-la-revista-del-notariado-digital\/\",\"url\":\"https:\/\/www.revista-notariado.org.ar\/index.php\/todos-los-articulos-de-la-revista-del-notariado-digital\/\",\"name\":\"Todos los art\u00edculos de la Revista del Notariado digital - Revista del Notariado\",\"isPartOf\":{\"@id\":\"https:\/\/www.revista-notariado.org.ar\/#website\"},\"datePublished\":\"2022-01-25T18:37:03+00:00\",\"dateModified\":\"2022-06-29T13:43:39+00:00\",\"breadcrumb\":{\"@id\":\"https:\/\/www.revista-notariado.org.ar\/index.php\/todos-los-articulos-de-la-revista-del-notariado-digital\/#breadcrumb\"},\"inLanguage\":\"es\",\"potentialAction\":[{\"@type\":\"ReadAction\",\"target\":[\"https:\/\/www.revista-notariado.org.ar\/index.php\/todos-los-articulos-de-la-revista-del-notariado-digital\/\"]}]},{\"@type\":\"BreadcrumbList\",\"@id\":\"https:\/\/www.revista-notariado.org.ar\/index.php\/todos-los-articulos-de-la-revista-del-notariado-digital\/#breadcrumb\",\"itemListElement\":[{\"@type\":\"ListItem\",\"position\":1,\"name\":\"Portada\",\"item\":\"https:\/\/www.revista-notariado.org.ar\/\"},{\"@type\":\"ListItem\",\"position\":2,\"name\":\"Todos los art\u00edculos de la Revista del Notariado digital\"}]},{\"@type\":\"WebSite\",\"@id\":\"https:\/\/www.revista-notariado.org.ar\/#website\",\"url\":\"https:\/\/www.revista-notariado.org.ar\/\",\"name\":\"Revista del Notariado\",\"description\":\"Director: Carlos Marcelo D&#039;Alessio\",\"publisher\":{\"@id\":\"https:\/\/www.revista-notariado.org.ar\/#organization\"},\"potentialAction\":[{\"@type\":\"SearchAction\",\"target\":{\"@type\":\"EntryPoint\",\"urlTemplate\":\"https:\/\/www.revista-notariado.org.ar\/?s={search_term_string}\"},\"query-input\":{\"@type\":\"PropertyValueSpecification\",\"valueRequired\":true,\"valueName\":\"search_term_string\"}}],\"inLanguage\":\"es\"},{\"@type\":\"Organization\",\"@id\":\"https:\/\/www.revista-notariado.org.ar\/#organization\",\"name\":\"Revista del Notariado\",\"url\":\"https:\/\/www.revista-notariado.org.ar\/\",\"logo\":{\"@type\":\"ImageObject\",\"inLanguage\":\"es\",\"@id\":\"https:\/\/www.revista-notariado.org.ar\/#\/schema\/logo\/image\/\",\"url\":\"https:\/\/www.revista-notariado.org.ar\/\/wp-content\/uploads\/2020\/06\/Logo-para.mail_.png\",\"contentUrl\":\"https:\/\/www.revista-notariado.org.ar\/\/wp-content\/uploads\/2020\/06\/Logo-para.mail_.png\",\"width\":642,\"height\":80,\"caption\":\"Revista del Notariado\"},\"image\":{\"@id\":\"https:\/\/www.revista-notariado.org.ar\/#\/schema\/logo\/image\/\"},\"sameAs\":[\"https:\/\/www.facebook.com\/revistadelnotariado\/\"]}]}<\/script>\n<!-- \/ Yoast SEO plugin. -->","yoast_head_json":{"title":"Todos los art\u00edculos de la Revista del Notariado digital - Revista del Notariado","robots":{"index":"index","follow":"follow","max-snippet":"max-snippet:-1","max-image-preview":"max-image-preview:large","max-video-preview":"max-video-preview:-1"},"canonical":"https:\/\/www.revista-notariado.org.ar\/index.php\/todos-los-articulos-de-la-revista-del-notariado-digital\/","og_locale":"es_ES","og_type":"article","og_title":"Todos los art\u00edculos de la Revista del Notariado digital - Revista del Notariado","og_description":"Usufructo gratuito: revocaci\u00f3n por ingratitud y extinci\u00f3n por no uso22 abril 2026Bolet\u00edn digital de jurisprudencia. No procede la revocaci\u00f3n por ingratitud por no configurarse las causales invocadas.Selecci\u00f3n de Mar\u00eda...","og_url":"https:\/\/www.revista-notariado.org.ar\/index.php\/todos-los-articulos-de-la-revista-del-notariado-digital\/","og_site_name":"Revista del Notariado","article_publisher":"https:\/\/www.facebook.com\/revistadelnotariado\/","article_modified_time":"2022-06-29T13:43:39+00:00","twitter_card":"summary_large_image","twitter_misc":{"Tiempo de lectura":"1 minuto"},"schema":{"@context":"https:\/\/schema.org","@graph":[{"@type":"WebPage","@id":"https:\/\/www.revista-notariado.org.ar\/index.php\/todos-los-articulos-de-la-revista-del-notariado-digital\/","url":"https:\/\/www.revista-notariado.org.ar\/index.php\/todos-los-articulos-de-la-revista-del-notariado-digital\/","name":"Todos los art\u00edculos de la Revista del Notariado digital - Revista del Notariado","isPartOf":{"@id":"https:\/\/www.revista-notariado.org.ar\/#website"},"datePublished":"2022-01-25T18:37:03+00:00","dateModified":"2022-06-29T13:43:39+00:00","breadcrumb":{"@id":"https:\/\/www.revista-notariado.org.ar\/index.php\/todos-los-articulos-de-la-revista-del-notariado-digital\/#breadcrumb"},"inLanguage":"es","potentialAction":[{"@type":"ReadAction","target":["https:\/\/www.revista-notariado.org.ar\/index.php\/todos-los-articulos-de-la-revista-del-notariado-digital\/"]}]},{"@type":"BreadcrumbList","@id":"https:\/\/www.revista-notariado.org.ar\/index.php\/todos-los-articulos-de-la-revista-del-notariado-digital\/#breadcrumb","itemListElement":[{"@type":"ListItem","position":1,"name":"Portada","item":"https:\/\/www.revista-notariado.org.ar\/"},{"@type":"ListItem","position":2,"name":"Todos los art\u00edculos de la Revista del Notariado digital"}]},{"@type":"WebSite","@id":"https:\/\/www.revista-notariado.org.ar\/#website","url":"https:\/\/www.revista-notariado.org.ar\/","name":"Revista del Notariado","description":"Director: Carlos Marcelo D&#039;Alessio","publisher":{"@id":"https:\/\/www.revista-notariado.org.ar\/#organization"},"potentialAction":[{"@type":"SearchAction","target":{"@type":"EntryPoint","urlTemplate":"https:\/\/www.revista-notariado.org.ar\/?s={search_term_string}"},"query-input":{"@type":"PropertyValueSpecification","valueRequired":true,"valueName":"search_term_string"}}],"inLanguage":"es"},{"@type":"Organization","@id":"https:\/\/www.revista-notariado.org.ar\/#organization","name":"Revista del Notariado","url":"https:\/\/www.revista-notariado.org.ar\/","logo":{"@type":"ImageObject","inLanguage":"es","@id":"https:\/\/www.revista-notariado.org.ar\/#\/schema\/logo\/image\/","url":"https:\/\/www.revista-notariado.org.ar\/\/wp-content\/uploads\/2020\/06\/Logo-para.mail_.png","contentUrl":"https:\/\/www.revista-notariado.org.ar\/\/wp-content\/uploads\/2020\/06\/Logo-para.mail_.png","width":642,"height":80,"caption":"Revista del Notariado"},"image":{"@id":"https:\/\/www.revista-notariado.org.ar\/#\/schema\/logo\/image\/"},"sameAs":["https:\/\/www.facebook.com\/revistadelnotariado\/"]}]}},"jetpack_sharing_enabled":true,"jetpack_shortlink":"https:\/\/wp.me\/P50Sui-3uA","jetpack-related-posts":[],"_links":{"self":[{"href":"https:\/\/www.revista-notariado.org.ar\/index.php\/wp-json\/wp\/v2\/pages\/13428"}],"collection":[{"href":"https:\/\/www.revista-notariado.org.ar\/index.php\/wp-json\/wp\/v2\/pages"}],"about":[{"href":"https:\/\/www.revista-notariado.org.ar\/index.php\/wp-json\/wp\/v2\/types\/page"}],"author":[{"embeddable":true,"href":"https:\/\/www.revista-notariado.org.ar\/index.php\/wp-json\/wp\/v2\/users\/13"}],"replies":[{"embeddable":true,"href":"https:\/\/www.revista-notariado.org.ar\/index.php\/wp-json\/wp\/v2\/comments?post=13428"}],"version-history":[{"count":40,"href":"https:\/\/www.revista-notariado.org.ar\/index.php\/wp-json\/wp\/v2\/pages\/13428\/revisions"}],"predecessor-version":[{"id":14213,"href":"https:\/\/www.revista-notariado.org.ar\/index.php\/wp-json\/wp\/v2\/pages\/13428\/revisions\/14213"}],"wp:attachment":[{"href":"https:\/\/www.revista-notariado.org.ar\/index.php\/wp-json\/wp\/v2\/media?parent=13428"}],"curies":[{"name":"wp","href":"https:\/\/api.w.org\/{rel}","templated":true}]}}